{"id":1582,"date":"2021-03-18T17:33:28","date_gmt":"2021-03-18T17:33:28","guid":{"rendered":"https:\/\/fluencetranslations.com\/cookie-policy\/"},"modified":"2021-04-30T14:18:27","modified_gmt":"2021-04-30T13:18:27","slug":"politica-cookies","status":"publish","type":"page","link":"https:\/\/fluencetranslations.com\/es\/politica-cookies\/","title":{"rendered":"Pol\u00edtica de Cookies"},"content":{"rendered":"\n<p>Fluence Translations utiliza cookies en su p\u00e1gina web con la intenci\u00f3n de poder ofrecer una mejor experiencia a los usuarios. En esta pol\u00edtica de Cookies se explica todo.<\/p>\n\n<p class=\"has-black-color has-text-color has-medium-font-size\">\u00bfQu\u00e9 son las cookies?<\/p>\n\n<p>Cookies son unos peque\u00f1os archivos de datos que el servidor de una p\u00e1gina web env\u00eda al motor de b\u00fasqueda, procesador de datos o disco duro, donde se guarda. Se utilizan para asegurar el funcionamiento correcto y eficaz de las p\u00e1ginas web,y para facilitar informaci\u00f3n a los autores de una p\u00e1gina web.<\/p>\n\n<p class=\"has-black-color has-text-color has-medium-font-size\">\u00bfQu\u00e9 tipo de cookies utiliza Fluence Translations?<\/p>\n\n<p>A continuaci\u00f3n se describen las cookies utilizadas en esta web y para qu\u00e9 se usa cada una:<\/p>\n\n<ul class=\"wp-block-list\"><li>WordPress Cookies, para supervisar la configuraci\u00f3n de usuario de WordPress<\/li><li>Google Analytics, para supervisar datos de Google Analytics.<\/li><\/ul>\n<p class=\"has-black-color has-text-color has-medium-font-size\">\u00bfC\u00f3mo puedo cambiar la configuraci\u00f3n de las cookies?<\/p>\n\n<p>La mayor\u00eda de los navegadores web permiten controlar la utilizaci\u00f3n de cookies a traves de la configuraci\u00f3n del navegador. Mas informaci\u00f3n sobre cookies, incluyendo c\u00f3mo ver las cookies en el navegador y como editarlas o eliminarla vea: <a href=\"http:\/\/www.aboutcookies.org\/\" target=\"_blank\" rel=\"noopener\">www.aboutcookies.org<\/a> or <a href=\"http:\/\/www.allaboutcookies.org\/\" target=\"_blank\" rel=\"noopener\">www.allaboutcookies.org<\/a><\/p>\n\n<p>Para renunciar a las cookies de Google Analytics en todas las p\u00e1ginas web, visite: <a href=\"http:\/\/tools.google.com\/dlpage\/gaoptout\" target=\"_blank\" rel=\"noopener\">http:\/\/tools.google.com\/dlpage\/gaoptout<\/a> <\/p>\n\n<p>Advertencia: La desactivaci\u00f3n de las cookies puede afectar su experiencia al navegar en la red.<\/p>\n","protected":false},"excerpt":{"rendered":"<p>Fluence Translations utiliza cookies en su p\u00e1gina web con la intenci\u00f3n de poder ofrecer una mejor experiencia a los usuarios. En esta pol\u00edtica de Cookies se explica todo. \u00bfQu\u00e9 son las cookies? Cookies son unos peque\u00f1os archivos de datos que el servidor de una p\u00e1gina web env\u00eda al motor de b\u00fasqueda, procesador de datos o &hellip;<\/p>\n<p class=\"read-more\"> <a class=\"\" href=\"https:\/\/fluencetranslations.com\/es\/politica-cookies\/\"> <span class=\"screen-reader-text\">Pol\u00edtica de Cookies<\/span> Leer m\u00e1s &raquo;<\/a><\/p>\n","protected":false},"author":1,"featured_media":0,"parent":0,"menu_order":0,"comment_status":"closed","ping_status":"closed","template":"","meta":{"_monsterinsights_skip_tracking":false,"_monsterinsights_sitenote_active":false,"_monsterinsights_sitenote_note":"","_monsterinsights_sitenote_category":0,"site-sidebar-layout":"default","site-content-layout":"default","ast-global-header-display":"","ast-banner-title-visibility":"","ast-main-header-display":"","ast-hfb-above-header-display":"","ast-hfb-below-header-display":"","ast-hfb-mobile-header-display":"","site-post-title":"","ast-breadcrumbs-content":"","ast-featured-img":"","footer-sml-layout":"","theme-transparent-header-meta":"default","adv-header-id-meta":"","stick-header-meta":"","header-above-stick-meta":"","header-main-stick-meta":"","header-below-stick-meta":"","footnotes":""},"class_list":["post-1582","page","type-page","status-publish","hentry"],"_links":{"self":[{"href":"https:\/\/fluencetranslations.com\/es\/wp-json\/wp\/v2\/pages\/1582","targetHints":{"allow":["GET"]}}],"collection":[{"href":"https:\/\/fluencetranslations.com\/es\/wp-json\/wp\/v2\/pages"}],"about":[{"href":"https:\/\/fluencetranslations.com\/es\/wp-json\/wp\/v2\/types\/page"}],"author":[{"embeddable":true,"href":"https:\/\/fluencetranslations.com\/es\/wp-json\/wp\/v2\/users\/1"}],"replies":[{"embeddable":true,"href":"https:\/\/fluencetranslations.com\/es\/wp-json\/wp\/v2\/comments?post=1582"}],"version-history":[{"count":7,"href":"https:\/\/fluencetranslations.com\/es\/wp-json\/wp\/v2\/pages\/1582\/revisions"}],"predecessor-version":[{"id":2171,"href":"https:\/\/fluencetranslations.com\/es\/wp-json\/wp\/v2\/pages\/1582\/revisions\/2171"}],"wp:attachment":[{"href":"https:\/\/fluencetranslations.com\/es\/wp-json\/wp\/v2\/media?parent=1582"}],"curies":[{"name":"wp","href":"https:\/\/api.w.org\/{rel}","templated":true}]}}